{"id":3,"date":"2025-09-03T12:38:27","date_gmt":"2025-09-03T12:38:27","guid":{"rendered":"http:\/\/www.gueye.louisst.o2switch.site\/ddg\/?page_id=3"},"modified":"2025-10-01T16:16:37","modified_gmt":"2025-10-01T14:16:37","slug":"privacy-policy","status":"publish","type":"page","link":"https:\/\/www.gueye.louisst.o2switch.site\/ddg\/privacy-policy\/","title":{"rendered":"Politique de confidentialit\u00e9"},"content":{"rendered":"\n<h2 class=\"wp-block-heading\">Qui sommes-nous<\/h2>\n\n\n\n<p>L\u2019adresse de notre site est : <a href=\"http:\/\/www.gueye.louisst.o2switch.site\/ddg\">http:\/\/www.gueye.louisst.o2switch.site\/ddg<\/a>.<\/p>\n\n\n\n<h2 class=\"wp-block-heading\">Commentaires<\/h2>\n\n\n\n<p>Quand vous laissez un commentaire sur le site, nous collectons les donn\u00e9es indiqu\u00e9es dans le formulaire de commentaire, ainsi que votre adresse IP et l\u2019agent utilisateur de votre navigateur, afin d\u2019aider \u00e0 la d\u00e9tection des spams.<\/p>\n\n\n\n<p>Une cha\u00eene anonymis\u00e9e cr\u00e9\u00e9e \u00e0 partir de votre adresse e-mail (\u00e9galement appel\u00e9e <em>hash<\/em>) peut \u00eatre transmise au service Gravatar pour v\u00e9rifier si vous l\u2019utilisez. La politique de confidentialit\u00e9 du service Gravatar est disponible ici : <a href=\"https:\/\/automattic.com\/privacy\/\">https:\/\/automattic.com\/privacy\/<\/a>.<br>Apr\u00e8s validation de votre commentaire, votre photo de profil sera visible publiquement \u00e0 c\u00f4t\u00e9 de votre commentaire.<\/p>\n\n\n\n<h2 class=\"wp-block-heading\">M\u00e9dias<\/h2>\n\n\n\n<p>Si vous t\u00e9l\u00e9versez des images sur le site, \u00e9vitez de t\u00e9l\u00e9verser des images contenant des donn\u00e9es de localisation int\u00e9gr\u00e9es (EXIF GPS). Les visiteurs du site peuvent t\u00e9l\u00e9charger et extraire des donn\u00e9es de localisation \u00e0 partir de ces images.<\/p>\n\n\n\n<h2 class=\"wp-block-heading\">Cookies<\/h2>\n\n\n\n<p>Si vous laissez un commentaire sur notre site, vous pouvez choisir d\u2019enregistrer votre nom, adresse e-mail et site web dans des cookies. C\u2019est pour votre confort afin de ne pas avoir \u00e0 saisir \u00e0 nouveau ces informations lors d\u2019un autre commentaire. Ces cookies expirent au bout d\u2019un an.<\/p>\n\n\n\n<p>Si vous visitez la page de connexion, un cookie temporaire sera cr\u00e9\u00e9 pour d\u00e9terminer si votre navigateur accepte les cookies. Il ne contient pas de donn\u00e9es personnelles et sera supprim\u00e9 \u00e0 la fermeture du navigateur.<\/p>\n\n\n\n<p>Lors de la connexion, plusieurs cookies seront mis en place pour enregistrer vos informations de connexion et vos pr\u00e9f\u00e9rences d\u2019affichage. Les cookies de connexion durent deux jours, les cookies d\u2019options d\u2019\u00e9cran durent un an. Si vous s\u00e9lectionnez \u00ab Se souvenir de moi \u00bb, votre connexion sera conserv\u00e9e pendant deux semaines. En vous d\u00e9connectant, les cookies de connexion sont supprim\u00e9s.<\/p>\n\n\n\n<p>Si vous modifiez ou publiez un article, un cookie suppl\u00e9mentaire sera enregistr\u00e9 dans votre navigateur. Il ne contient aucune donn\u00e9e personnelle et indique simplement l\u2019ID de l\u2019article modifi\u00e9. Il expire apr\u00e8s un jour.<\/p>\n\n\n\n<h2 class=\"wp-block-heading\">Contenus int\u00e9gr\u00e9s depuis d\u2019autres sites<\/h2>\n\n\n\n<p>Les articles de ce site peuvent inclure des contenus int\u00e9gr\u00e9s (par exemple des vid\u00e9os, images, articles\u2026). Le contenu int\u00e9gr\u00e9 depuis d\u2019autres sites se comporte de la m\u00eame mani\u00e8re que si le visiteur se rendait sur cet autre site.<\/p>\n\n\n\n<p>Ces sites web pourraient collecter des donn\u00e9es vous concernant, utiliser des cookies, embarquer des outils de suivis tiers, et suivre vos interactions avec ces contenus embarqu\u00e9s si vous disposez d\u2019un compte connect\u00e9 sur leur site.<\/p>\n\n\n\n<h2 class=\"wp-block-heading\"><strong>Avec qui nous partageons vos donn\u00e9es<\/strong><\/h2>\n\n\n\n<p>Si vous demandez une r\u00e9initialisation de mot de passe, votre adresse IP sera incluse dans l\u2019e-mail de r\u00e9initialisation.<\/p>\n\n\n\n<h2 class=\"wp-block-heading\">Dur\u00e9es de stockage de vos donn\u00e9es<\/h2>\n\n\n\n<p>Si vous laissez un commentaire, le commentaire et ses m\u00e9tadonn\u00e9es sont conserv\u00e9s ind\u00e9finiment. Cela permet de reconna\u00eetre et approuver automatiquement les commentaires suivants au lieu de les laisser dans la file de mod\u00e9ration.<br><\/p>\n\n\n\n<p>Pour les utilisateurs et utilisatrices qui s\u2019enregistrent sur notre site (si cela est possible), nous stockons \u00e9galement les donn\u00e9es personnelles indiqu\u00e9es dans leur profil. Tous les utilisateurs et utilisatrices peuvent voir, modifier ou supprimer leurs informations personnelles \u00e0 tout moment (\u00e0 l\u2019exception de leur identifiant). Les administrateurs du site peuvent aussi voir et modifier ces informations.<\/p>\n\n\n\n<h2 class=\"wp-block-heading\"><strong>Les droits que vous avez sur vos donn\u00e9es<\/strong><\/h2>\n\n\n\n<p>Si vous avez un compte sur ce site, ou si vous avez laiss\u00e9 des commentaires, vous pouvez demander \u00e0 recevoir un fichier contenant toutes les donn\u00e9es personnelles que nous poss\u00e9dons \u00e0 votre sujet, y compris celles que vous nous avez fournies. Vous pouvez \u00e9galement demander la suppression de vos donn\u00e9es personnelles. Cela ne prend pas en compte les donn\u00e9es conserv\u00e9es \u00e0 des fins administratives, l\u00e9gales ou pour des raisons de s\u00e9curit\u00e9.<\/p>\n\n\n\n<h2 class=\"wp-block-heading\">O\u00f9 vos donn\u00e9es sont envoy\u00e9es<\/h2>\n\n\n\n<p>Les commentaires des visiteurs peuvent \u00eatre v\u00e9rifi\u00e9s \u00e0 l\u2019aide d\u2019un service automatis\u00e9 de d\u00e9tection des spams.<\/p>\n","protected":false},"excerpt":{"rendered":"<p>Qui sommes-nous L\u2019adresse de notre site est : http:\/\/www.gueye.louisst.o2switch.site\/ddg. Commentaires Quand vous laissez un commentaire sur le site, nous collectons [&hellip;]<\/p>\n","protected":false},"author":1,"featured_media":0,"parent":0,"menu_order":0,"comment_status":"closed","ping_status":"open","template":"","meta":{"_uag_custom_page_level_css":"","site-sidebar-layout":"default","site-content-layout":"","ast-site-content-layout":"default","site-content-style":"default","site-sidebar-style":"default","ast-global-header-display":"","ast-banner-title-visibility":"","ast-main-header-display":"","ast-hfb-above-header-display":"","ast-hfb-below-header-display":"","ast-hfb-mobile-header-display":"","site-post-title":"","ast-breadcrumbs-content":"","ast-featured-img":"","footer-sml-layout":"","theme-transparent-header-meta":"","adv-header-id-meta":"","stick-header-meta":"","header-above-stick-meta":"","header-main-stick-meta":"","header-below-stick-meta":"","astra-migrate-meta-layouts":"default","ast-page-background-enabled":"default","ast-page-background-meta":{"desktop":{"background-color":"var(--ast-global-color-5)","background-image":"","background-repeat":"repeat","background-position":"center center","background-size":"auto","background-attachment":"scroll","background-type":"","background-media":"","overlay-type":"","overlay-color":"","overlay-opacity":"","overlay-gradient":""},"tablet":{"background-color":"","background-image":"","background-repeat":"repeat","background-position":"center center","background-size":"auto","background-attachment":"scroll","background-type":"","background-media":"","overlay-type":"","overlay-color":"","overlay-opacity":"","overlay-gradient":""},"mobile":{"background-color":"","background-image":"","background-repeat":"repeat","background-position":"center center","background-size":"auto","background-attachment":"scroll","background-type":"","background-media":"","overlay-type":"","overlay-color":"","overlay-opacity":"","overlay-gradient":""}},"ast-content-background-meta":{"desktop":{"background-color":"var(--ast-global-color-4)","background-image":"","background-repeat":"repeat","background-position":"center center","background-size":"auto","background-attachment":"scroll","background-type":"","background-media":"","overlay-type":"","overlay-color":"","overlay-opacity":"","overlay-gradient":""},"tablet":{"background-color":"var(--ast-global-color-4)","background-image":"","background-repeat":"repeat","background-position":"center center","background-size":"auto","background-attachment":"scroll","background-type":"","background-media":"","overlay-type":"","overlay-color":"","overlay-opacity":"","overlay-gradient":""},"mobile":{"background-color":"var(--ast-global-color-4)","background-image":"","background-repeat":"repeat","background-position":"center center","background-size":"auto","background-attachment":"scroll","background-type":"","background-media":"","overlay-type":"","overlay-color":"","overlay-opacity":"","overlay-gradient":""}},"footnotes":""},"class_list":["post-3","page","type-page","status-publish","hentry"],"yoast_head":"<!-- This site is optimized with the Yoast SEO plugin v26.5 - https:\/\/yoast.com\/wordpress\/plugins\/seo\/ -->\n<title>Politique de confidentialit\u00e9 - Les d\u00e9lices des gones<\/title>\n<meta name=\"robots\" content=\"index, follow, max-snippet:-1, max-image-preview:large, max-video-preview:-1\" \/>\n<link rel=\"canonical\" href=\"https:\/\/www.gueye.louisst.o2switch.site\/ddg\/privacy-policy\/\" \/>\n<meta property=\"og:locale\" content=\"fr_FR\" \/>\n<meta property=\"og:type\" content=\"article\" \/>\n<meta property=\"og:title\" content=\"Politique de confidentialit\u00e9 - Les d\u00e9lices des gones\" \/>\n<meta property=\"og:description\" content=\"Qui sommes-nous L\u2019adresse de notre site est : http:\/\/www.gueye.louisst.o2switch.site\/ddg. Commentaires Quand vous laissez un commentaire sur le site, nous collectons [&hellip;]\" \/>\n<meta property=\"og:url\" content=\"https:\/\/www.gueye.louisst.o2switch.site\/ddg\/privacy-policy\/\" \/>\n<meta property=\"og:site_name\" content=\"Les d\u00e9lices des gones\" \/>\n<meta property=\"article:modified_time\" content=\"2025-10-01T14:16:37+00:00\" \/>\n<meta name=\"twitter:card\" content=\"summary_large_image\" \/>\n<meta name=\"twitter:label1\" content=\"Dur\u00e9e de lecture estim\u00e9e\" \/>\n\t<meta name=\"twitter:data1\" content=\"3 minutes\" \/>\n<script type=\"application\/ld+json\" class=\"yoast-schema-graph\">{\"@context\":\"https:\/\/schema.org\",\"@graph\":[{\"@type\":\"WebPage\",\"@id\":\"https:\/\/www.gueye.louisst.o2switch.site\/ddg\/privacy-policy\/\",\"url\":\"https:\/\/www.gueye.louisst.o2switch.site\/ddg\/privacy-policy\/\",\"name\":\"Politique de confidentialit\u00e9 - Les d\u00e9lices des gones\",\"isPartOf\":{\"@id\":\"https:\/\/www.gueye.louisst.o2switch.site\/ddg\/#website\"},\"datePublished\":\"2025-09-03T12:38:27+00:00\",\"dateModified\":\"2025-10-01T14:16:37+00:00\",\"breadcrumb\":{\"@id\":\"https:\/\/www.gueye.louisst.o2switch.site\/ddg\/privacy-policy\/#breadcrumb\"},\"inLanguage\":\"fr-FR\",\"potentialAction\":[{\"@type\":\"ReadAction\",\"target\":[\"https:\/\/www.gueye.louisst.o2switch.site\/ddg\/privacy-policy\/\"]}]},{\"@type\":\"BreadcrumbList\",\"@id\":\"https:\/\/www.gueye.louisst.o2switch.site\/ddg\/privacy-policy\/#breadcrumb\",\"itemListElement\":[{\"@type\":\"ListItem\",\"position\":1,\"name\":\"Accueil\",\"item\":\"https:\/\/www.gueye.louisst.o2switch.site\/ddg\/\"},{\"@type\":\"ListItem\",\"position\":2,\"name\":\"Politique de confidentialit\u00e9\"}]},{\"@type\":\"WebSite\",\"@id\":\"https:\/\/www.gueye.louisst.o2switch.site\/ddg\/#website\",\"url\":\"https:\/\/www.gueye.louisst.o2switch.site\/ddg\/\",\"name\":\"Les d\u00e9lices des gones\",\"description\":\"Les meilleures lyonnaiseries de la ville !\",\"publisher\":{\"@id\":\"https:\/\/www.gueye.louisst.o2switch.site\/ddg\/#organization\"},\"potentialAction\":[{\"@type\":\"SearchAction\",\"target\":{\"@type\":\"EntryPoint\",\"urlTemplate\":\"https:\/\/www.gueye.louisst.o2switch.site\/ddg\/?s={search_term_string}\"},\"query-input\":{\"@type\":\"PropertyValueSpecification\",\"valueRequired\":true,\"valueName\":\"search_term_string\"}}],\"inLanguage\":\"fr-FR\"},{\"@type\":\"Organization\",\"@id\":\"https:\/\/www.gueye.louisst.o2switch.site\/ddg\/#organization\",\"name\":\"Les d\u00e9lices des gones\",\"url\":\"https:\/\/www.gueye.louisst.o2switch.site\/ddg\/\",\"logo\":{\"@type\":\"ImageObject\",\"inLanguage\":\"fr-FR\",\"@id\":\"https:\/\/www.gueye.louisst.o2switch.site\/ddg\/#\/schema\/logo\/image\/\",\"url\":\"https:\/\/www.gueye.louisst.o2switch.site\/ddg\/wp-content\/uploads\/2025\/09\/cropped-1.png\",\"contentUrl\":\"https:\/\/www.gueye.louisst.o2switch.site\/ddg\/wp-content\/uploads\/2025\/09\/cropped-1.png\",\"width\":400,\"height\":254,\"caption\":\"Les d\u00e9lices des gones\"},\"image\":{\"@id\":\"https:\/\/www.gueye.louisst.o2switch.site\/ddg\/#\/schema\/logo\/image\/\"}}]}<\/script>\n<!-- \/ Yoast SEO plugin. -->","yoast_head_json":{"title":"Politique de confidentialit\u00e9 - Les d\u00e9lices des gones","robots":{"index":"index","follow":"follow","max-snippet":"max-snippet:-1","max-image-preview":"max-image-preview:large","max-video-preview":"max-video-preview:-1"},"canonical":"https:\/\/www.gueye.louisst.o2switch.site\/ddg\/privacy-policy\/","og_locale":"fr_FR","og_type":"article","og_title":"Politique de confidentialit\u00e9 - Les d\u00e9lices des gones","og_description":"Qui sommes-nous L\u2019adresse de notre site est : http:\/\/www.gueye.louisst.o2switch.site\/ddg. Commentaires Quand vous laissez un commentaire sur le site, nous collectons [&hellip;]","og_url":"https:\/\/www.gueye.louisst.o2switch.site\/ddg\/privacy-policy\/","og_site_name":"Les d\u00e9lices des gones","article_modified_time":"2025-10-01T14:16:37+00:00","twitter_card":"summary_large_image","twitter_misc":{"Dur\u00e9e de lecture estim\u00e9e":"3 minutes"},"schema":{"@context":"https:\/\/schema.org","@graph":[{"@type":"WebPage","@id":"https:\/\/www.gueye.louisst.o2switch.site\/ddg\/privacy-policy\/","url":"https:\/\/www.gueye.louisst.o2switch.site\/ddg\/privacy-policy\/","name":"Politique de confidentialit\u00e9 - Les d\u00e9lices des gones","isPartOf":{"@id":"https:\/\/www.gueye.louisst.o2switch.site\/ddg\/#website"},"datePublished":"2025-09-03T12:38:27+00:00","dateModified":"2025-10-01T14:16:37+00:00","breadcrumb":{"@id":"https:\/\/www.gueye.louisst.o2switch.site\/ddg\/privacy-policy\/#breadcrumb"},"inLanguage":"fr-FR","potentialAction":[{"@type":"ReadAction","target":["https:\/\/www.gueye.louisst.o2switch.site\/ddg\/privacy-policy\/"]}]},{"@type":"BreadcrumbList","@id":"https:\/\/www.gueye.louisst.o2switch.site\/ddg\/privacy-policy\/#breadcrumb","itemListElement":[{"@type":"ListItem","position":1,"name":"Accueil","item":"https:\/\/www.gueye.louisst.o2switch.site\/ddg\/"},{"@type":"ListItem","position":2,"name":"Politique de confidentialit\u00e9"}]},{"@type":"WebSite","@id":"https:\/\/www.gueye.louisst.o2switch.site\/ddg\/#website","url":"https:\/\/www.gueye.louisst.o2switch.site\/ddg\/","name":"Les d\u00e9lices des gones","description":"Les meilleures lyonnaiseries de la ville !","publisher":{"@id":"https:\/\/www.gueye.louisst.o2switch.site\/ddg\/#organization"},"potentialAction":[{"@type":"SearchAction","target":{"@type":"EntryPoint","urlTemplate":"https:\/\/www.gueye.louisst.o2switch.site\/ddg\/?s={search_term_string}"},"query-input":{"@type":"PropertyValueSpecification","valueRequired":true,"valueName":"search_term_string"}}],"inLanguage":"fr-FR"},{"@type":"Organization","@id":"https:\/\/www.gueye.louisst.o2switch.site\/ddg\/#organization","name":"Les d\u00e9lices des gones","url":"https:\/\/www.gueye.louisst.o2switch.site\/ddg\/","logo":{"@type":"ImageObject","inLanguage":"fr-FR","@id":"https:\/\/www.gueye.louisst.o2switch.site\/ddg\/#\/schema\/logo\/image\/","url":"https:\/\/www.gueye.louisst.o2switch.site\/ddg\/wp-content\/uploads\/2025\/09\/cropped-1.png","contentUrl":"https:\/\/www.gueye.louisst.o2switch.site\/ddg\/wp-content\/uploads\/2025\/09\/cropped-1.png","width":400,"height":254,"caption":"Les d\u00e9lices des gones"},"image":{"@id":"https:\/\/www.gueye.louisst.o2switch.site\/ddg\/#\/schema\/logo\/image\/"}}]}},"uagb_featured_image_src":{"full":false,"thumbnail":false,"medium":false,"medium_large":false,"large":false,"1536x1536":false,"2048x2048":false},"uagb_author_info":{"display_name":"admin","author_link":"https:\/\/www.gueye.louisst.o2switch.site\/ddg\/author\/admin\/"},"uagb_comment_info":0,"uagb_excerpt":"Qui sommes-nous L\u2019adresse de notre site est : http:\/\/www.gueye.louisst.o2switch.site\/ddg. Commentaires Quand vous laissez un commentaire sur le site, nous collectons [&hellip;]","_links":{"self":[{"href":"https:\/\/www.gueye.louisst.o2switch.site\/ddg\/wp-json\/wp\/v2\/pages\/3","targetHints":{"allow":["GET"]}}],"collection":[{"href":"https:\/\/www.gueye.louisst.o2switch.site\/ddg\/wp-json\/wp\/v2\/pages"}],"about":[{"href":"https:\/\/www.gueye.louisst.o2switch.site\/ddg\/wp-json\/wp\/v2\/types\/page"}],"author":[{"embeddable":true,"href":"https:\/\/www.gueye.louisst.o2switch.site\/ddg\/wp-json\/wp\/v2\/users\/1"}],"replies":[{"embeddable":true,"href":"https:\/\/www.gueye.louisst.o2switch.site\/ddg\/wp-json\/wp\/v2\/comments?post=3"}],"version-history":[{"count":1,"href":"https:\/\/www.gueye.louisst.o2switch.site\/ddg\/wp-json\/wp\/v2\/pages\/3\/revisions"}],"predecessor-version":[{"id":218,"href":"https:\/\/www.gueye.louisst.o2switch.site\/ddg\/wp-json\/wp\/v2\/pages\/3\/revisions\/218"}],"wp:attachment":[{"href":"https:\/\/www.gueye.louisst.o2switch.site\/ddg\/wp-json\/wp\/v2\/media?parent=3"}],"curies":[{"name":"wp","href":"https:\/\/api.w.org\/{rel}","templated":true}]}}