{"id":226,"date":"2025-10-02T09:39:50","date_gmt":"2025-10-02T07:39:50","guid":{"rendered":"https:\/\/www.gueye.louisst.o2switch.site\/ddg\/?page_id=226"},"modified":"2025-10-02T09:39:50","modified_gmt":"2025-10-02T07:39:50","slug":"mentions-legales","status":"publish","type":"page","link":"https:\/\/www.gueye.louisst.o2switch.site\/ddg\/mentions-legales\/","title":{"rendered":"Mentions l\u00e9gales"},"content":{"rendered":"\n<div class=\"wp-block-uagb-inline-notice uagb-inline_notice__align-left uagb-block-a5662643\"><button class=\"uagb-notice-close-button\" type=\"button\" aria-label=\"Close\"><\/button><h4 class=\"uagb-notice-title\">\u00c9diteur du site<\/h4><div class=\"uagb-notice-text\">\n<p><strong>Raison sociale\u202f:<\/strong> D\u00e9lices des G\u00f4nes<br><strong>Forme juridique\u202f:<\/strong> SARL au capital de 10\u202f000 \u20ac<br><strong>RCS\u202f:<\/strong> Lyon 254 789 410<br><strong>SIRET\u202f:<\/strong> 254 789 410 00012<br><strong>Identifiant TVA intracommunautaire\u202f:<\/strong> FR 44 254 789 410<br><strong>Adresse du si\u00e8ge social\u202f:<\/strong> 27 rue Saint Jean \u2013 69005 Lyon<br><strong>T\u00e9l\u00e9phone\u202f:<\/strong> 04 72 33 15 15<br><strong>E-mail\u202f:<\/strong> <a>delicesdesgones@free.fr<\/a><br><strong>Directeur de publication\u202f:<\/strong> [Mouhamed GUEYE]<\/p>\n<\/div><\/div>\n\n\n\n<div class=\"wp-block-uagb-inline-notice uagb-inline_notice__align-left uagb-block-a2838e5f\"><button class=\"uagb-notice-close-button\" type=\"button\" aria-label=\"Close\"><\/button><h4 class=\"uagb-notice-title\">H\u00e9bergeur<\/h4><div class=\"uagb-notice-text\">\n<p><strong>H\u00e9bergeur du site\u202f:<\/strong> O2Switch<br><strong>Adresse\u202f:<\/strong> Chem. des Pardiaux, 63000 Clermont-Ferrand<br><strong>T\u00e9l\u00e9phone\u202f:<\/strong> 04 44 44 60 40<\/p>\n<\/div><\/div>\n\n\n\n<div class=\"wp-block-uagb-inline-notice uagb-inline_notice__align-left uagb-block-acad4815\"><button class=\"uagb-notice-close-button\" type=\"button\" aria-label=\"Close\"><\/button><h4 class=\"uagb-notice-title\">Propri\u00e9t\u00e9 intellectuelle<\/h4><div class=\"uagb-notice-text\">\n<p>Tous les contenus du site (textes, images, logos, vid\u00e9os, graphismes, ic\u00f4nes) sont prot\u00e9g\u00e9s par le droit d\u2019auteur. Toute reproduction ou exploitation non autoris\u00e9e est interdite.<\/p>\n<\/div><\/div>\n\n\n\n<div class=\"wp-block-uagb-inline-notice uagb-inline_notice__align-left uagb-block-6908e088\"><button class=\"uagb-notice-close-button\" type=\"button\" aria-label=\"Close\"><\/button><h4 class=\"uagb-notice-title\">Donn\u00e9es personnelles<\/h4><div class=\"uagb-notice-text\">\n<p>Les informations collect\u00e9es via le site sont utilis\u00e9es uniquement pour r\u00e9pondre aux demandes des utilisateurs. Conform\u00e9ment au RGPD et \u00e0 la loi \u00ab\u202fInformatique et Libert\u00e9s\u202f\u00bb, vous disposez d\u2019un droit d\u2019acc\u00e8s, de rectification et de suppression de vos donn\u00e9es personnelles. Pour exercer ce droit\u202f: <strong><a>delicesdesgones@free.fr<\/a><\/strong><\/p>\n<\/div><\/div>\n\n\n\n<div class=\"wp-block-uagb-inline-notice uagb-inline_notice__align-left uagb-block-29658595\"><button class=\"uagb-notice-close-button\" type=\"button\" aria-label=\"Close\"><\/button><h4 class=\"uagb-notice-title\">Responsabilit\u00e9<\/h4><div class=\"uagb-notice-text\">\n<p>D\u00e9lices des G\u00f4nes ne peut \u00eatre tenue responsable des dommages li\u00e9s \u00e0 l\u2019utilisation du site ou \u00e0 l\u2019impr\u00e9cision des informations fournies.<\/p>\n<\/div><\/div>\n","protected":false},"excerpt":{"rendered":"","protected":false},"author":1,"featured_media":0,"parent":0,"menu_order":0,"comment_status":"closed","ping_status":"closed","template":"","meta":{"_uag_custom_page_level_css":"","site-sidebar-layout":"default","site-content-layout":"","ast-site-content-layout":"default","site-content-style":"default","site-sidebar-style":"default","ast-global-header-display":"","ast-banner-title-visibility":"","ast-main-header-display":"","ast-hfb-above-header-display":"","ast-hfb-below-header-display":"","ast-hfb-mobile-header-display":"","site-post-title":"","ast-breadcrumbs-content":"","ast-featured-img":"","footer-sml-layout":"","theme-transparent-header-meta":"","adv-header-id-meta":"","stick-header-meta":"","header-above-stick-meta":"","header-main-stick-meta":"","header-below-stick-meta":"","astra-migrate-meta-layouts":"default","ast-page-background-enabled":"default","ast-page-background-meta":{"desktop":{"background-color":"var(--ast-global-color-5)","background-image":"","background-repeat":"repeat","background-position":"center center","background-size":"auto","background-attachment":"scroll","background-type":"","background-media":"","overlay-type":"","overlay-color":"","overlay-opacity":"","overlay-gradient":""},"tablet":{"background-color":"","background-image":"","background-repeat":"repeat","background-position":"center center","background-size":"auto","background-attachment":"scroll","background-type":"","background-media":"","overlay-type":"","overlay-color":"","overlay-opacity":"","overlay-gradient":""},"mobile":{"background-color":"","background-image":"","background-repeat":"repeat","background-position":"center center","background-size":"auto","background-attachment":"scroll","background-type":"","background-media":"","overlay-type":"","overlay-color":"","overlay-opacity":"","overlay-gradient":""}},"ast-content-background-meta":{"desktop":{"background-color":"var(--ast-global-color-4)","background-image":"","background-repeat":"repeat","background-position":"center center","background-size":"auto","background-attachment":"scroll","background-type":"","background-media":"","overlay-type":"","overlay-color":"","overlay-opacity":"","overlay-gradient":""},"tablet":{"background-color":"var(--ast-global-color-4)","background-image":"","background-repeat":"repeat","background-position":"center center","background-size":"auto","background-attachment":"scroll","background-type":"","background-media":"","overlay-type":"","overlay-color":"","overlay-opacity":"","overlay-gradient":""},"mobile":{"background-color":"var(--ast-global-color-4)","background-image":"","background-repeat":"repeat","background-position":"center center","background-size":"auto","background-attachment":"scroll","background-type":"","background-media":"","overlay-type":"","overlay-color":"","overlay-opacity":"","overlay-gradient":""}},"footnotes":""},"class_list":["post-226","page","type-page","status-publish","hentry"],"yoast_head":"<!-- This site is optimized with the Yoast SEO plugin v26.5 - https:\/\/yoast.com\/wordpress\/plugins\/seo\/ -->\n<title>Mentions l\u00e9gales - Les d\u00e9lices des gones<\/title>\n<meta name=\"robots\" content=\"index, follow, max-snippet:-1, max-image-preview:large, max-video-preview:-1\" \/>\n<link rel=\"canonical\" href=\"https:\/\/www.gueye.louisst.o2switch.site\/ddg\/mentions-legales\/\" \/>\n<meta property=\"og:locale\" content=\"fr_FR\" \/>\n<meta property=\"og:type\" content=\"article\" \/>\n<meta property=\"og:title\" content=\"Mentions l\u00e9gales - Les d\u00e9lices des gones\" \/>\n<meta property=\"og:url\" content=\"https:\/\/www.gueye.louisst.o2switch.site\/ddg\/mentions-legales\/\" \/>\n<meta property=\"og:site_name\" content=\"Les d\u00e9lices des gones\" \/>\n<meta name=\"twitter:card\" content=\"summary_large_image\" \/>\n<meta name=\"twitter:label1\" content=\"Dur\u00e9e de lecture estim\u00e9e\" \/>\n\t<meta name=\"twitter:data1\" content=\"1 minute\" \/>\n<script type=\"application\/ld+json\" class=\"yoast-schema-graph\">{\"@context\":\"https:\/\/schema.org\",\"@graph\":[{\"@type\":\"WebPage\",\"@id\":\"https:\/\/www.gueye.louisst.o2switch.site\/ddg\/mentions-legales\/\",\"url\":\"https:\/\/www.gueye.louisst.o2switch.site\/ddg\/mentions-legales\/\",\"name\":\"Mentions l\u00e9gales - Les d\u00e9lices des gones\",\"isPartOf\":{\"@id\":\"https:\/\/www.gueye.louisst.o2switch.site\/ddg\/#website\"},\"datePublished\":\"2025-10-02T07:39:50+00:00\",\"breadcrumb\":{\"@id\":\"https:\/\/www.gueye.louisst.o2switch.site\/ddg\/mentions-legales\/#breadcrumb\"},\"inLanguage\":\"fr-FR\",\"potentialAction\":[{\"@type\":\"ReadAction\",\"target\":[\"https:\/\/www.gueye.louisst.o2switch.site\/ddg\/mentions-legales\/\"]}]},{\"@type\":\"BreadcrumbList\",\"@id\":\"https:\/\/www.gueye.louisst.o2switch.site\/ddg\/mentions-legales\/#breadcrumb\",\"itemListElement\":[{\"@type\":\"ListItem\",\"position\":1,\"name\":\"Accueil\",\"item\":\"https:\/\/www.gueye.louisst.o2switch.site\/ddg\/\"},{\"@type\":\"ListItem\",\"position\":2,\"name\":\"Mentions l\u00e9gales\"}]},{\"@type\":\"WebSite\",\"@id\":\"https:\/\/www.gueye.louisst.o2switch.site\/ddg\/#website\",\"url\":\"https:\/\/www.gueye.louisst.o2switch.site\/ddg\/\",\"name\":\"Les d\u00e9lices des gones\",\"description\":\"Les meilleures lyonnaiseries de la ville !\",\"publisher\":{\"@id\":\"https:\/\/www.gueye.louisst.o2switch.site\/ddg\/#organization\"},\"potentialAction\":[{\"@type\":\"SearchAction\",\"target\":{\"@type\":\"EntryPoint\",\"urlTemplate\":\"https:\/\/www.gueye.louisst.o2switch.site\/ddg\/?s={search_term_string}\"},\"query-input\":{\"@type\":\"PropertyValueSpecification\",\"valueRequired\":true,\"valueName\":\"search_term_string\"}}],\"inLanguage\":\"fr-FR\"},{\"@type\":\"Organization\",\"@id\":\"https:\/\/www.gueye.louisst.o2switch.site\/ddg\/#organization\",\"name\":\"Les d\u00e9lices des gones\",\"url\":\"https:\/\/www.gueye.louisst.o2switch.site\/ddg\/\",\"logo\":{\"@type\":\"ImageObject\",\"inLanguage\":\"fr-FR\",\"@id\":\"https:\/\/www.gueye.louisst.o2switch.site\/ddg\/#\/schema\/logo\/image\/\",\"url\":\"https:\/\/www.gueye.louisst.o2switch.site\/ddg\/wp-content\/uploads\/2025\/09\/cropped-1.png\",\"contentUrl\":\"https:\/\/www.gueye.louisst.o2switch.site\/ddg\/wp-content\/uploads\/2025\/09\/cropped-1.png\",\"width\":400,\"height\":254,\"caption\":\"Les d\u00e9lices des gones\"},\"image\":{\"@id\":\"https:\/\/www.gueye.louisst.o2switch.site\/ddg\/#\/schema\/logo\/image\/\"}}]}<\/script>\n<!-- \/ Yoast SEO plugin. -->","yoast_head_json":{"title":"Mentions l\u00e9gales - Les d\u00e9lices des gones","robots":{"index":"index","follow":"follow","max-snippet":"max-snippet:-1","max-image-preview":"max-image-preview:large","max-video-preview":"max-video-preview:-1"},"canonical":"https:\/\/www.gueye.louisst.o2switch.site\/ddg\/mentions-legales\/","og_locale":"fr_FR","og_type":"article","og_title":"Mentions l\u00e9gales - Les d\u00e9lices des gones","og_url":"https:\/\/www.gueye.louisst.o2switch.site\/ddg\/mentions-legales\/","og_site_name":"Les d\u00e9lices des gones","twitter_card":"summary_large_image","twitter_misc":{"Dur\u00e9e de lecture estim\u00e9e":"1 minute"},"schema":{"@context":"https:\/\/schema.org","@graph":[{"@type":"WebPage","@id":"https:\/\/www.gueye.louisst.o2switch.site\/ddg\/mentions-legales\/","url":"https:\/\/www.gueye.louisst.o2switch.site\/ddg\/mentions-legales\/","name":"Mentions l\u00e9gales - Les d\u00e9lices des gones","isPartOf":{"@id":"https:\/\/www.gueye.louisst.o2switch.site\/ddg\/#website"},"datePublished":"2025-10-02T07:39:50+00:00","breadcrumb":{"@id":"https:\/\/www.gueye.louisst.o2switch.site\/ddg\/mentions-legales\/#breadcrumb"},"inLanguage":"fr-FR","potentialAction":[{"@type":"ReadAction","target":["https:\/\/www.gueye.louisst.o2switch.site\/ddg\/mentions-legales\/"]}]},{"@type":"BreadcrumbList","@id":"https:\/\/www.gueye.louisst.o2switch.site\/ddg\/mentions-legales\/#breadcrumb","itemListElement":[{"@type":"ListItem","position":1,"name":"Accueil","item":"https:\/\/www.gueye.louisst.o2switch.site\/ddg\/"},{"@type":"ListItem","position":2,"name":"Mentions l\u00e9gales"}]},{"@type":"WebSite","@id":"https:\/\/www.gueye.louisst.o2switch.site\/ddg\/#website","url":"https:\/\/www.gueye.louisst.o2switch.site\/ddg\/","name":"Les d\u00e9lices des gones","description":"Les meilleures lyonnaiseries de la ville !","publisher":{"@id":"https:\/\/www.gueye.louisst.o2switch.site\/ddg\/#organization"},"potentialAction":[{"@type":"SearchAction","target":{"@type":"EntryPoint","urlTemplate":"https:\/\/www.gueye.louisst.o2switch.site\/ddg\/?s={search_term_string}"},"query-input":{"@type":"PropertyValueSpecification","valueRequired":true,"valueName":"search_term_string"}}],"inLanguage":"fr-FR"},{"@type":"Organization","@id":"https:\/\/www.gueye.louisst.o2switch.site\/ddg\/#organization","name":"Les d\u00e9lices des gones","url":"https:\/\/www.gueye.louisst.o2switch.site\/ddg\/","logo":{"@type":"ImageObject","inLanguage":"fr-FR","@id":"https:\/\/www.gueye.louisst.o2switch.site\/ddg\/#\/schema\/logo\/image\/","url":"https:\/\/www.gueye.louisst.o2switch.site\/ddg\/wp-content\/uploads\/2025\/09\/cropped-1.png","contentUrl":"https:\/\/www.gueye.louisst.o2switch.site\/ddg\/wp-content\/uploads\/2025\/09\/cropped-1.png","width":400,"height":254,"caption":"Les d\u00e9lices des gones"},"image":{"@id":"https:\/\/www.gueye.louisst.o2switch.site\/ddg\/#\/schema\/logo\/image\/"}}]}},"uagb_featured_image_src":{"full":false,"thumbnail":false,"medium":false,"medium_large":false,"large":false,"1536x1536":false,"2048x2048":false},"uagb_author_info":{"display_name":"admin","author_link":"https:\/\/www.gueye.louisst.o2switch.site\/ddg\/author\/admin\/"},"uagb_comment_info":0,"uagb_excerpt":null,"_links":{"self":[{"href":"https:\/\/www.gueye.louisst.o2switch.site\/ddg\/wp-json\/wp\/v2\/pages\/226","targetHints":{"allow":["GET"]}}],"collection":[{"href":"https:\/\/www.gueye.louisst.o2switch.site\/ddg\/wp-json\/wp\/v2\/pages"}],"about":[{"href":"https:\/\/www.gueye.louisst.o2switch.site\/ddg\/wp-json\/wp\/v2\/types\/page"}],"author":[{"embeddable":true,"href":"https:\/\/www.gueye.louisst.o2switch.site\/ddg\/wp-json\/wp\/v2\/users\/1"}],"replies":[{"embeddable":true,"href":"https:\/\/www.gueye.louisst.o2switch.site\/ddg\/wp-json\/wp\/v2\/comments?post=226"}],"version-history":[{"count":1,"href":"https:\/\/www.gueye.louisst.o2switch.site\/ddg\/wp-json\/wp\/v2\/pages\/226\/revisions"}],"predecessor-version":[{"id":228,"href":"https:\/\/www.gueye.louisst.o2switch.site\/ddg\/wp-json\/wp\/v2\/pages\/226\/revisions\/228"}],"wp:attachment":[{"href":"https:\/\/www.gueye.louisst.o2switch.site\/ddg\/wp-json\/wp\/v2\/media?parent=226"}],"curies":[{"name":"wp","href":"https:\/\/api.w.org\/{rel}","templated":true}]}}