{"id":8,"date":"2024-09-23T09:38:41","date_gmt":"2024-09-23T09:38:41","guid":{"rendered":"https:\/\/www.gueye.louisst.o2switch.site\/blog\/?page_id=8"},"modified":"2024-11-06T12:48:08","modified_gmt":"2024-11-06T12:48:08","slug":"accueil","status":"publish","type":"page","link":"https:\/\/www.gueye.louisst.o2switch.site\/blog\/","title":{"rendered":"Accueil"},"content":{"rendered":"\n<div class=\"wp-block-uagb-image uagb-block-2339d24d wp-block-uagb-image--layout-default wp-block-uagb-image--effect-static wp-block-uagb-image--align-none\"><figure class=\"wp-block-uagb-image__figure\"><img decoding=\"async\" srcset=\"https:\/\/www.gueye.louisst.o2switch.site\/blog\/wp-content\/uploads\/2024\/11\/istockphoto-1474659701-1024x1024-1.jpg ,https:\/\/www.gueye.louisst.o2switch.site\/blog\/wp-content\/uploads\/2024\/11\/istockphoto-1474659701-1024x1024-1.jpg 780w, https:\/\/www.gueye.louisst.o2switch.site\/blog\/wp-content\/uploads\/2024\/11\/istockphoto-1474659701-1024x1024-1.jpg 360w\" sizes=\"auto, (max-width: 480px) 150px\" src=\"https:\/\/www.gueye.louisst.o2switch.site\/blog\/wp-content\/uploads\/2024\/11\/istockphoto-1474659701-1024x1024-1.jpg\" alt=\"\" class=\"uag-image-174\" width=\"1200\" height=\"659\" title=\"istockphoto-1474659701-1024x1024\" loading=\"lazy\" role=\"img\"\/><\/figure><\/div>\n\n\n\n<div class=\"wp-block-uagb-inline-notice uagb-inline_notice__align-left uagb-block-527f67f4\"><button class=\"uagb-notice-close-button\" type=\"button\" aria-label=\"Close\"><\/button><h4 class=\"uagb-notice-title\">Pr\u00e9sentation<\/h4><div class=\"uagb-notice-text\">\n<p>Bienvenue sur Inspecteur Sportif, un site qui allie ma passion pour le sport et mon amour pour les enqu\u00eates polici\u00e8res. Avec un BTS N\u00e9gociation et Digitalisation de la Relation Client (NDRC), j&rsquo;ai acquis des comp\u00e9tences  dans le domaine du digital. Aujourd&rsquo;hui, je mets ces comp\u00e9tences au service de mon int\u00e9r\u00eat pour le sport et l&rsquo;enquete.<\/p>\n\n\n\n<p>Sur ce site, vous trouverez plusieurs articles captivants qui abordent des th\u00e8mes vari\u00e9s, allant de la formation que je poursuis actuellement \u00e0 mes passions personnelles et \u00e0 mes projets futurs. Chaque article est l&rsquo;occasion de plonger dans des r\u00e9cits o\u00f9 le sport et l&rsquo;enquete se lie.<\/p>\n\n\n\n<p>Mon objectif est de cr\u00e9er un espace o\u00f9 les amateurs de sport et les passionn\u00e9s de myst\u00e8res peuvent se retrouver. Je souhaite partager avec vous des histoires fascinantes et des r\u00e9flexions sur  le monde du sport et celui de l\u2019investigation. Ensemble, nous pourrons explorer les secrets qui se cachent derri\u00e8re les performances sportives et les \u00e9v\u00e9nements marquants.<\/p>\n\n\n\n<p>Rejoignez-moi dans cette aventure o\u00f9 chaque enqu\u00eate r\u00e9v\u00e8le des v\u00e9rit\u00e9s inattendues. Plongeons ensemble dans l&rsquo;univers d&rsquo;Inspecteur Sportif, o\u00f9 le sport et l\u2019enqu\u00eate s\u2019entrelacent, et o\u00f9 chaque histoire a quelque chose \u00e0 nous apprendre. Que vous soyez un fan de sport, un amateur d\u2019\u00e9nigmes ou simplement curieux, ce site est fait pour vous. Pr\u00e9parez-vous \u00e0 explorer des histoires captivantes qui ne manqueront pas de vous surprendre !<\/p>\n\n\n\n<p><\/p>\n<\/div><\/div>\n\n\n\n<div class=\"wp-block-uagb-image uagb-block-fcd7d8a6 wp-block-uagb-image--layout-default wp-block-uagb-image--effect-static wp-block-uagb-image--align-none\"><figure class=\"wp-block-uagb-image__figure\"><img decoding=\"async\" srcset=\"https:\/\/www.gueye.louisst.o2switch.site\/blog\/wp-content\/uploads\/2024\/11\/silhouette-76559_1280-1024x768.webp ,https:\/\/www.gueye.louisst.o2switch.site\/blog\/wp-content\/uploads\/2024\/11\/silhouette-76559_1280.webp 780w, https:\/\/www.gueye.louisst.o2switch.site\/blog\/wp-content\/uploads\/2024\/11\/silhouette-76559_1280.webp 360w\" sizes=\"auto, (max-width: 480px) 150px\" src=\"https:\/\/www.gueye.louisst.o2switch.site\/blog\/wp-content\/uploads\/2024\/11\/silhouette-76559_1280-1024x768.webp\" alt=\"\" class=\"uag-image-183\" width=\"1199\" height=\"98\" title=\"silhouette-76559_1280\" loading=\"lazy\" role=\"img\"\/><\/figure><\/div>\n\n\n\n<p>Pour renforcer le lien avec les visiteurs de mon site contactez moi.<\/p>\n\n\n\n<div class=\"wp-block-uagb-container uagb-block-swq7v5vu alignfull uagb-is-root-container\"><div class=\"uagb-container-inner-blocks-wrap\">\n<div class=\"wp-block-uagb-container uagb-block-8hvrbfzr\">\n<div class=\"wp-block-uagb-info-box uagb-block-wioajcbn uagb-infobox__content-wrap  uagb-infobox-icon-above-title uagb-infobox-image-valign-top\"><div class=\"uagb-ifb-content\"><div class=\"uagb-ifb-title-wrap\"><h2 class=\"uagb-ifb-title\">Contactez moi<\/h2><\/div><\/div><\/div>\n\n\n\n<div class=\"wp-block-uagb-info-box uagb-block-rrdpsph9 uagb-infobox__content-wrap  uagb-infobox-icon-left uagb-infobox-left uagb-infobox-image-valign-top\"><div class=\"uagb-ifb-icon-wrap\"><svg xmlns=\"https:\/\/www.w3.org\/2000\/svg\" viewBox=\"0 0 384 512\"><path d=\"M168.3 499.2C116.1 435 0 279.4 0 192C0 85.96 85.96 0 192 0C298 0 384 85.96 384 192C384 279.4 267 435 215.7 499.2C203.4 514.5 180.6 514.5 168.3 499.2H168.3zM192 256C227.3 256 256 227.3 256 192C256 156.7 227.3 128 192 128C156.7 128 128 156.7 128 192C128 227.3 156.7 256 192 256z\"><\/path><\/svg><\/div><div class=\"uagb-ifb-content\"><div class=\"uagb-ifb-title-wrap\"><p class=\"uagb-ifb-title\">Adresse<\/p><\/div><p class=\"uagb-ifb-desc\">61 grande rue de saint clair, Caluire et Cuire, 69300<\/p><div class=\"uagb-ifb-separator\"><\/div><\/div><\/div>\n\n\n\n<div class=\"wp-block-uagb-info-box uagb-block-qthgkqyj uagb-infobox__content-wrap  uagb-infobox-icon-above-title uagb-infobox-image-valign-top\"><div class=\"uagb-ifb-content\"><div class=\"uagb-ifb-title-wrap\"><p class=\"uagb-ifb-title\">Envoyez moi un message<\/p><\/div><p class=\"uagb-ifb-desc\">Voici comment vous pouvez nous contacter pour toute question ou pr\u00e9occupation.<\/p><\/div><\/div>\n\n\n\n<div class=\"wp-block-uagb-icon-list uagb-block-jmrst2bd\"><div class=\"uagb-icon-list__wrap\">\n<div class=\"wp-block-uagb-icon-list-child uagb-block-xh9mnti2\"><span class=\"uagb-icon-list__source-wrap\"><svg xmlns=\"https:\/\/www.w3.org\/2000\/svg\" viewBox=\"0 0 512 512\"><path d=\"M464 64C490.5 64 512 85.49 512 112C512 127.1 504.9 141.3 492.8 150.4L275.2 313.6C263.8 322.1 248.2 322.1 236.8 313.6L19.2 150.4C7.113 141.3 0 127.1 0 112C0 85.49 21.49 64 48 64H464zM217.6 339.2C240.4 356.3 271.6 356.3 294.4 339.2L512 176V384C512 419.3 483.3 448 448 448H64C28.65 448 0 419.3 0 384V176L217.6 339.2z\"><\/path><\/svg><\/span><span class=\"uagb-icon-list__label\">contact@example.com<\/span><\/div>\n\n\n\n<div class=\"wp-block-uagb-icon-list-child uagb-block-fi60uwlr\"><span class=\"uagb-icon-list__source-wrap\"><svg xmlns=\"https:\/\/www.w3.org\/2000\/svg\" viewBox=\"0 0 512 512\"><path d=\"M511.2 387l-23.25 100.8c-3.266 14.25-15.79 24.22-30.46 24.22C205.2 512 0 306.8 0 54.5c0-14.66 9.969-27.2 24.22-30.45l100.8-23.25C139.7-2.602 154.7 5.018 160.8 18.92l46.52 108.5c5.438 12.78 1.77 27.67-8.98 36.45L144.5 207.1c33.98 69.22 90.26 125.5 159.5 159.5l44.08-53.8c8.688-10.78 23.69-14.51 36.47-8.975l108.5 46.51C506.1 357.2 514.6 372.4 511.2 387z\"><\/path><\/svg><\/span><span class=\"uagb-icon-list__label\">0652594027<\/span><\/div>\n\n\n\n<div class=\"wp-block-uagb-icon-list-child uagb-block-ao5k4dgk\"><span class=\"uagb-icon-list__source-wrap\"><svg xmlns=\"https:\/\/www.w3.org\/2000\/svg\" viewBox=\"0 0 512 512\"><path d=\"M256 512C114.6 512 0 397.4 0 256C0 114.6 114.6 0 256 0C397.4 0 512 114.6 512 256C512 397.4 397.4 512 256 512zM232 256C232 264 236 271.5 242.7 275.1L338.7 339.1C349.7 347.3 364.6 344.3 371.1 333.3C379.3 322.3 376.3 307.4 365.3 300L280 243.2V120C280 106.7 269.3 96 255.1 96C242.7 96 231.1 106.7 231.1 120L232 256z\"><\/path><\/svg><\/span><span class=\"uagb-icon-list__label\">08.00am &#8211; 04.00pm<\/span><\/div>\n<\/div><\/div>\n<\/div>\n\n\n\n<div class=\"wp-block-uagb-forms uagb-forms__outer-wrap uagb-block-z494khlg uagb-forms__default-btn\"><form class=\"uagb-forms-main-form\" method=\"post\" autocomplete=\"on\" name=\"uagb-form-z494khlg\">\n<div class=\"wp-block-uagb-forms-name uagb-forms-name-wrap uagb-forms-field-set uagb-block-0zedfgvw\"><div class=\"uagb-forms-name-label required uagb-forms-input-label\" id=\"0zedfgvw\">NOM Pr\u00e9nom<\/div><input type=\"text\" placeholder=\"\" required class=\"uagb-forms-name-input uagb-forms-input\" name=\"0zedfgvw\" autocomplete=\"given-name\"\/><\/div>\n\n\n\n<div class=\"wp-block-uagb-forms-email uagb-forms-email-wrap uagb-forms-field-set uagb-block-bkgm2pqh\"><div class=\"uagb-forms-email-label required uagb-forms-input-label\" id=\"bkgm2pqh\">Email<\/div><input type=\"email\" class=\"uagb-forms-email-input uagb-forms-input\" placeholder=\"\" required name=\"bkgm2pqh\" autocomplete=\"email\"\/><\/div>\n\n\n\n<div class=\"wp-block-uagb-forms-textarea uagb-forms-textarea-wrap uagb-forms-field-set uagb-block-dgtwslfg\"><div class=\"uagb-forms-textarea-label required uagb-forms-input-label\" id=\"dgtwslfg\">Message<\/div><textarea required class=\"uagb-forms-textarea-input uagb-forms-input\" rows=\"6\" placeholder=\"\" name=\"dgtwslfg\" autocomplete=\"off\"><\/textarea><\/div>\n<div class=\"uagb-forms-form-hidden-data\"><input type=\"hidden\" class=\"uagb_forms_form_label\" value=\"Spectra Form\"\/><input type=\"hidden\" class=\"uagb_forms_form_id\" value=\"uagb-form-z494khlg\"\/><\/div><div class=\"uagb-form-reacaptcha-error-z494khlg\"><\/div><div class=\"uagb-forms-main-submit-button-wrap wp-block-button\"><button class=\"uagb-forms-main-submit-button wp-block-button__link\"><div class=\"uagb-forms-main-submit-button-text\"><\/div><\/button><\/div><\/form><div class=\"uagb-forms-success-message-z494khlg uagb-forms-submit-message-hide\"><span>The form has been submitted successfully!<\/span><\/div><div class=\"uagb-forms-failed-message-z494khlg uagb-forms-submit-message-hide\"><span>There has been some error while submitting the form. Please verify all form fields again.<\/span><\/div><\/div>\n<\/div><\/div>\n\n\n\n<p><\/p>\n","protected":false},"excerpt":{"rendered":"<p>Pour renforcer le lien avec les visiteurs de mon site contactez moi.<\/p>\n","protected":false},"author":1,"featured_media":0,"parent":0,"menu_order":0,"comment_status":"closed","ping_status":"closed","template":"","meta":{"_uag_custom_page_level_css":"","site-sidebar-layout":"default","site-content-layout":"","ast-site-content-layout":"","site-content-style":"default","site-sidebar-style":"default","ast-global-header-display":"","ast-banner-title-visibility":"","ast-main-header-display":"","ast-hfb-above-header-display":"","ast-hfb-below-header-display":"","ast-hfb-mobile-header-display":"","site-post-title":"","ast-breadcrumbs-content":"","ast-featured-img":"","footer-sml-layout":"","theme-transparent-header-meta":"","adv-header-id-meta":"","stick-header-meta":"","header-above-stick-meta":"","header-main-stick-meta":"","header-below-stick-meta":"","astra-migrate-meta-layouts":"default","ast-page-background-enabled":"default","ast-page-background-meta":{"desktop":{"background-color":"var(--ast-global-color-4)","background-image":"","background-repeat":"repeat","background-position":"center center","background-size":"auto","background-attachment":"scroll","background-type":"","background-media":"","overlay-type":"","overlay-color":"","overlay-opacity":"","overlay-gradient":""},"tablet":{"background-color":"","background-image":"","background-repeat":"repeat","background-position":"center center","background-size":"auto","background-attachment":"scroll","background-type":"","background-media":"","overlay-type":"","overlay-color":"","overlay-opacity":"","overlay-gradient":""},"mobile":{"background-color":"","background-image":"","background-repeat":"repeat","background-position":"center center","background-size":"auto","background-attachment":"scroll","background-type":"","background-media":"","overlay-type":"","overlay-color":"","overlay-opacity":"","overlay-gradient":""}},"ast-content-background-meta":{"desktop":{"background-color":"var(--ast-global-color-5)","background-image":"","background-repeat":"repeat","background-position":"center center","background-size":"auto","background-attachment":"scroll","background-type":"","background-media":"","overlay-type":"","overlay-color":"","overlay-opacity":"","overlay-gradient":""},"tablet":{"background-color":"var(--ast-global-color-5)","background-image":"","background-repeat":"repeat","background-position":"center center","background-size":"auto","background-attachment":"scroll","background-type":"","background-media":"","overlay-type":"","overlay-color":"","overlay-opacity":"","overlay-gradient":""},"mobile":{"background-color":"var(--ast-global-color-5)","background-image":"","background-repeat":"repeat","background-position":"center center","background-size":"auto","background-attachment":"scroll","background-type":"","background-media":"","overlay-type":"","overlay-color":"","overlay-opacity":"","overlay-gradient":""}},"footnotes":""},"class_list":["post-8","page","type-page","status-publish","hentry"],"uagb_featured_image_src":{"full":false,"thumbnail":false,"medium":false,"medium_large":false,"large":false,"1536x1536":false,"2048x2048":false},"uagb_author_info":{"display_name":"admin","author_link":"https:\/\/www.gueye.louisst.o2switch.site\/blog\/author\/admin\/"},"uagb_comment_info":0,"uagb_excerpt":"Pour renforcer le lien avec les visiteurs de mon site contactez moi.","_links":{"self":[{"href":"https:\/\/www.gueye.louisst.o2switch.site\/blog\/wp-json\/wp\/v2\/pages\/8","targetHints":{"allow":["GET"]}}],"collection":[{"href":"https:\/\/www.gueye.louisst.o2switch.site\/blog\/wp-json\/wp\/v2\/pages"}],"about":[{"href":"https:\/\/www.gueye.louisst.o2switch.site\/blog\/wp-json\/wp\/v2\/types\/page"}],"author":[{"embeddable":true,"href":"https:\/\/www.gueye.louisst.o2switch.site\/blog\/wp-json\/wp\/v2\/users\/1"}],"replies":[{"embeddable":true,"href":"https:\/\/www.gueye.louisst.o2switch.site\/blog\/wp-json\/wp\/v2\/comments?post=8"}],"version-history":[{"count":10,"href":"https:\/\/www.gueye.louisst.o2switch.site\/blog\/wp-json\/wp\/v2\/pages\/8\/revisions"}],"predecessor-version":[{"id":195,"href":"https:\/\/www.gueye.louisst.o2switch.site\/blog\/wp-json\/wp\/v2\/pages\/8\/revisions\/195"}],"wp:attachment":[{"href":"https:\/\/www.gueye.louisst.o2switch.site\/blog\/wp-json\/wp\/v2\/media?parent=8"}],"curies":[{"name":"wp","href":"https:\/\/api.w.org\/{rel}","templated":true}]}}