{"id":265,"date":"2025-09-10T11:31:46","date_gmt":"2025-09-10T11:31:46","guid":{"rendered":"https:\/\/www.gueye.louisst.o2switch.site\/blog\/?page_id=265"},"modified":"2025-09-15T13:00:24","modified_gmt":"2025-09-15T13:00:24","slug":"zina","status":"publish","type":"page","link":"https:\/\/www.gueye.louisst.o2switch.site\/blog\/zina\/","title":{"rendered":"Zina"},"content":{"rendered":"\n<div class=\"wp-block-uagb-inline-notice uagb-inline_notice__align-left uagb-block-1c46d630\"><button class=\"uagb-notice-close-button\" type=\"button\" aria-label=\"Close\"><\/button><h4 class=\"uagb-notice-title\">L&rsquo;animal de compagnie<\/h4><div class=\"uagb-notice-text\">\n<p>Un animal de compagnie est d\u2019abord un animal domestiqu\u00e9 qui vit aupr\u00e8s de l\u2019humain pour sa pr\u00e9sence, son affection ou son aspect ludique, plut\u00f4t que pour une fonction utilitaire ; de plus, son nom vient du latin <em>animalis<\/em>, qui signifie \u00ab qui a souffle, vie \u00bb et d\u00e9rive de <em>anima<\/em>, signifiant \u00ab souffle, \u00e2me, vie \u00bb<\/p>\n<\/div><\/div>\n\n\n\n<figure class=\"wp-block-image size-full is-resized\"><img loading=\"lazy\" decoding=\"async\" width=\"746\" height=\"686\" src=\"https:\/\/www.gueye.louisst.o2switch.site\/blog\/wp-content\/uploads\/2025\/09\/Image-2.jpg\" alt=\"\" class=\"wp-image-274\" style=\"width:750px;height:auto\" srcset=\"https:\/\/www.gueye.louisst.o2switch.site\/blog\/wp-content\/uploads\/2025\/09\/Image-2.jpg 746w, https:\/\/www.gueye.louisst.o2switch.site\/blog\/wp-content\/uploads\/2025\/09\/Image-2-300x276.jpg 300w\" sizes=\"auto, (max-width: 746px) 100vw, 746px\" \/><\/figure>\n\n\n\n<div class=\"wp-block-uagb-inline-notice uagb-inline_notice__align-left uagb-block-259d5024\"><button class=\"uagb-notice-close-button\" type=\"button\" aria-label=\"Close\"><\/button><h4 class=\"uagb-notice-title\">Un animal de compagnie pas comme les autres <\/h4><div class=\"uagb-notice-text\">\n<p>Mon animal de compagnie s\u2019appel <strong>Zina<\/strong>, un chat tigr\u00e9 blanc et gris. Je l\u2019ai offert \u00e0 ma s\u0153ur au mois de mars 2021 car \u00e7a faisait un moment qu&rsquo;elle en voulait un et la chatte de sa copine a eu une port\u00e9e, mais tr\u00e8s vite, elle est devenue le chat de toute la famille. Depuis son arriv\u00e9e, elle a trouv\u00e9 sa place dans la maison et dans nos c\u0153urs.<\/p>\n\n\n\n<p>Physiquement, Zina a un pelage doux, m\u00ealant des rayures grises et noires avec du blanc sur le ventre et les pattes. Ses yeux p\u00e9tillants refl\u00e9taient \u00e0 la fois malice et douceur.<\/p>\n\n\n\n<p>Psychologiquement, c\u2019\u00e9st une chatte tr\u00e8s particuli\u00e8re : <strong>curieuse et joueuse<\/strong>, mais aussi <strong>protectrice et c\u00e2line<\/strong>. Elle aime explorer chaque recoin de la maison et grimper partout, tout en revenant r\u00e9guli\u00e8rement chercher un c\u00e2lin ou une caresse. C\u2019est un \u00e9quilibre parfait entre ind\u00e9pendance et affection.<\/p>\n<\/div><\/div>\n\n\n\n<figure class=\"wp-block-image size-large is-resized\"><img loading=\"lazy\" decoding=\"async\" width=\"543\" height=\"1024\" src=\"https:\/\/www.gueye.louisst.o2switch.site\/blog\/wp-content\/uploads\/2025\/09\/Image-1-543x1024.jpg\" alt=\"\" class=\"wp-image-270\" style=\"aspect-ratio:1;width:750px;height:auto\" title=\"Image\" srcset=\"https:\/\/www.gueye.louisst.o2switch.site\/blog\/wp-content\/uploads\/2025\/09\/Image-1-543x1024.jpg 543w, https:\/\/www.gueye.louisst.o2switch.site\/blog\/wp-content\/uploads\/2025\/09\/Image-1-159x300.jpg 159w, https:\/\/www.gueye.louisst.o2switch.site\/blog\/wp-content\/uploads\/2025\/09\/Image-1-768x1450.jpg 768w, https:\/\/www.gueye.louisst.o2switch.site\/blog\/wp-content\/uploads\/2025\/09\/Image-1-814x1536.jpg 814w, https:\/\/www.gueye.louisst.o2switch.site\/blog\/wp-content\/uploads\/2025\/09\/Image-1-1085x2048.jpg 1085w, https:\/\/www.gueye.louisst.o2switch.site\/blog\/wp-content\/uploads\/2025\/09\/Image-1.jpg 1102w\" sizes=\"auto, (max-width: 543px) 100vw, 543px\" \/><\/figure>\n\n\n\n<div class=\"wp-block-uagb-inline-notice uagb-inline_notice__align-left uagb-block-c1d9a8b3\"><button class=\"uagb-notice-close-button\" type=\"button\" aria-label=\"Close\"><\/button><h4 class=\"uagb-notice-title\"><strong>Souvenirs et anecdotes<\/strong><\/h4><div class=\"uagb-notice-text\">\n<p>J\u2019ai de nombreux souvenirs avec elle. Par exemple, elle adore s\u2019installer sur le canap\u00e9 devant la t\u00e9l\u00e9vision, comme si elle regarde les programmes avec nous. Une fois, elle s\u2019est m\u00eame endormie sur la t\u00e9l\u00e9commande et a chang\u00e9 toute seule de cha\u00eene, ce qui nous a beaucoup fait rire.<\/p>\n<\/div><\/div>\n\n\n\n<figure class=\"wp-block-image size-large is-resized\"><img loading=\"lazy\" decoding=\"async\" width=\"576\" height=\"1024\" src=\"https:\/\/www.gueye.louisst.o2switch.site\/blog\/wp-content\/uploads\/2025\/09\/Image-3-576x1024.jpg\" alt=\"\" class=\"wp-image-276\" style=\"width:750px;height:auto\" srcset=\"https:\/\/www.gueye.louisst.o2switch.site\/blog\/wp-content\/uploads\/2025\/09\/Image-3-576x1024.jpg 576w, https:\/\/www.gueye.louisst.o2switch.site\/blog\/wp-content\/uploads\/2025\/09\/Image-3-169x300.jpg 169w, https:\/\/www.gueye.louisst.o2switch.site\/blog\/wp-content\/uploads\/2025\/09\/Image-3-768x1365.jpg 768w, https:\/\/www.gueye.louisst.o2switch.site\/blog\/wp-content\/uploads\/2025\/09\/Image-3-864x1536.jpg 864w, https:\/\/www.gueye.louisst.o2switch.site\/blog\/wp-content\/uploads\/2025\/09\/Image-3.jpg 1008w\" sizes=\"auto, (max-width: 576px) 100vw, 576px\" \/><\/figure>\n\n\n\n<div class=\"wp-block-uagb-inline-notice uagb-inline_notice__align-left uagb-block-53943b5d\"><button class=\"uagb-notice-close-button\" type=\"button\" aria-label=\"Close\"><\/button><h4 class=\"uagb-notice-title\">Notre Relation<\/h4><div class=\"uagb-notice-text\">\n<p>La relation que j\u2019ai avec Zina est tr\u00e8s forte. Elle repr\u00e9sente tendresse et complicit\u00e9. Je la consid\u00e8re comme un membre \u00e0 part enti\u00e8re de la famille. Sa pr\u00e9sence est r\u00e9confortante : elle sait se blottir contre moi ou ma s\u0153ur quand l\u2019un de nous est triste ou fatigu\u00e9.<\/p>\n<\/div><\/div>\n\n\n\n<figure class=\"wp-block-image size-large is-resized\"><img loading=\"lazy\" decoding=\"async\" width=\"576\" height=\"1024\" src=\"https:\/\/www.gueye.louisst.o2switch.site\/blog\/wp-content\/uploads\/2025\/09\/Image-4-576x1024.jpg\" alt=\"\" class=\"wp-image-277\" style=\"width:750px;height:auto\" srcset=\"https:\/\/www.gueye.louisst.o2switch.site\/blog\/wp-content\/uploads\/2025\/09\/Image-4-576x1024.jpg 576w, https:\/\/www.gueye.louisst.o2switch.site\/blog\/wp-content\/uploads\/2025\/09\/Image-4-169x300.jpg 169w, https:\/\/www.gueye.louisst.o2switch.site\/blog\/wp-content\/uploads\/2025\/09\/Image-4-768x1365.jpg 768w, https:\/\/www.gueye.louisst.o2switch.site\/blog\/wp-content\/uploads\/2025\/09\/Image-4-864x1536.jpg 864w, https:\/\/www.gueye.louisst.o2switch.site\/blog\/wp-content\/uploads\/2025\/09\/Image-4-1152x2048.jpg 1152w, https:\/\/www.gueye.louisst.o2switch.site\/blog\/wp-content\/uploads\/2025\/09\/Image-4.jpg 1242w\" sizes=\"auto, (max-width: 576px) 100vw, 576px\" \/><\/figure>\n\n\n\n<div class=\"wp-block-uagb-inline-notice uagb-inline_notice__align-left uagb-block-d3dceeff\"><button class=\"uagb-notice-close-button\" type=\"button\" aria-label=\"Close\"><\/button><h4 class=\"uagb-notice-title\">Notre S\u00e9paration<\/h4><div class=\"uagb-notice-text\">\n<p>Un jour, ma m\u00e8re a toqu\u00e9 \u00e0 ma chambre et ma annonc\u00e9 que par rapport \u00e0 divers raison on ne pouvait plus garder le chat c&rsquo;est un moment qui m&rsquo;a fait tr\u00e8s mal mais je sais qu&rsquo;a l&rsquo;heure actuel ses miaulements r\u00e9sonnent dans le c\u0153ur de chaque membre de notre famille car oui elle en fait partie.<\/p>\n<\/div><\/div>\n","protected":false},"excerpt":{"rendered":"","protected":false},"author":1,"featured_media":0,"parent":0,"menu_order":0,"comment_status":"closed","ping_status":"closed","template":"","meta":{"_uag_custom_page_level_css":"","site-sidebar-layout":"default","site-content-layout":"","ast-site-content-layout":"","site-content-style":"default","site-sidebar-style":"default","ast-global-header-display":"","ast-banner-title-visibility":"","ast-main-header-display":"","ast-hfb-above-header-display":"","ast-hfb-below-header-display":"","ast-hfb-mobile-header-display":"","site-post-title":"","ast-breadcrumbs-content":"","ast-featured-img":"","footer-sml-layout":"","theme-transparent-header-meta":"","adv-header-id-meta":"","stick-header-meta":"","header-above-stick-meta":"","header-main-stick-meta":"","header-below-stick-meta":"","astra-migrate-meta-layouts":"default","ast-page-background-enabled":"default","ast-page-background-meta":{"desktop":{"background-color":"var(--ast-global-color-4)","background-image":"","background-repeat":"repeat","background-position":"center center","background-size":"auto","background-attachment":"scroll","background-type":"","background-media":"","overlay-type":"","overlay-color":"","overlay-opacity":"","overlay-gradient":""},"tablet":{"background-color":"","background-image":"","background-repeat":"repeat","background-position":"center center","background-size":"auto","background-attachment":"scroll","background-type":"","background-media":"","overlay-type":"","overlay-color":"","overlay-opacity":"","overlay-gradient":""},"mobile":{"background-color":"","background-image":"","background-repeat":"repeat","background-position":"center center","background-size":"auto","background-attachment":"scroll","background-type":"","background-media":"","overlay-type":"","overlay-color":"","overlay-opacity":"","overlay-gradient":""}},"ast-content-background-meta":{"desktop":{"background-color":"var(--ast-global-color-5)","background-image":"","background-repeat":"repeat","background-position":"center center","background-size":"auto","background-attachment":"scroll","background-type":"","background-media":"","overlay-type":"","overlay-color":"","overlay-opacity":"","overlay-gradient":""},"tablet":{"background-color":"var(--ast-global-color-5)","background-image":"","background-repeat":"repeat","background-position":"center center","background-size":"auto","background-attachment":"scroll","background-type":"","background-media":"","overlay-type":"","overlay-color":"","overlay-opacity":"","overlay-gradient":""},"mobile":{"background-color":"var(--ast-global-color-5)","background-image":"","background-repeat":"repeat","background-position":"center center","background-size":"auto","background-attachment":"scroll","background-type":"","background-media":"","overlay-type":"","overlay-color":"","overlay-opacity":"","overlay-gradient":""}},"footnotes":""},"class_list":["post-265","page","type-page","status-publish","hentry"],"uagb_featured_image_src":{"full":false,"thumbnail":false,"medium":false,"medium_large":false,"large":false,"1536x1536":false,"2048x2048":false},"uagb_author_info":{"display_name":"admin","author_link":"https:\/\/www.gueye.louisst.o2switch.site\/blog\/author\/admin\/"},"uagb_comment_info":0,"uagb_excerpt":null,"_links":{"self":[{"href":"https:\/\/www.gueye.louisst.o2switch.site\/blog\/wp-json\/wp\/v2\/pages\/265","targetHints":{"allow":["GET"]}}],"collection":[{"href":"https:\/\/www.gueye.louisst.o2switch.site\/blog\/wp-json\/wp\/v2\/pages"}],"about":[{"href":"https:\/\/www.gueye.louisst.o2switch.site\/blog\/wp-json\/wp\/v2\/types\/page"}],"author":[{"embeddable":true,"href":"https:\/\/www.gueye.louisst.o2switch.site\/blog\/wp-json\/wp\/v2\/users\/1"}],"replies":[{"embeddable":true,"href":"https:\/\/www.gueye.louisst.o2switch.site\/blog\/wp-json\/wp\/v2\/comments?post=265"}],"version-history":[{"count":6,"href":"https:\/\/www.gueye.louisst.o2switch.site\/blog\/wp-json\/wp\/v2\/pages\/265\/revisions"}],"predecessor-version":[{"id":279,"href":"https:\/\/www.gueye.louisst.o2switch.site\/blog\/wp-json\/wp\/v2\/pages\/265\/revisions\/279"}],"wp:attachment":[{"href":"https:\/\/www.gueye.louisst.o2switch.site\/blog\/wp-json\/wp\/v2\/media?parent=265"}],"curies":[{"name":"wp","href":"https:\/\/api.w.org\/{rel}","templated":true}]}}