{"id":16,"date":"2024-09-23T09:43:07","date_gmt":"2024-09-23T09:43:07","guid":{"rendered":"https:\/\/www.gueye.louisst.o2switch.site\/blog\/?page_id=16"},"modified":"2024-11-12T20:48:37","modified_gmt":"2024-11-12T20:48:37","slug":"mon-projet","status":"publish","type":"page","link":"https:\/\/www.gueye.louisst.o2switch.site\/blog\/mon-projet\/","title":{"rendered":"Mon projet professionnel"},"content":{"rendered":"\n<figure class=\"wp-block-image size-large\"><img loading=\"lazy\" decoding=\"async\" width=\"1024\" height=\"619\" src=\"https:\/\/www.gueye.louisst.o2switch.site\/blog\/wp-content\/uploads\/2024\/11\/internet-marketing-1802610_1280-1024x619.webp\" alt=\"\" class=\"wp-image-202\" srcset=\"https:\/\/www.gueye.louisst.o2switch.site\/blog\/wp-content\/uploads\/2024\/11\/internet-marketing-1802610_1280-1024x619.webp 1024w, https:\/\/www.gueye.louisst.o2switch.site\/blog\/wp-content\/uploads\/2024\/11\/internet-marketing-1802610_1280-300x181.webp 300w, https:\/\/www.gueye.louisst.o2switch.site\/blog\/wp-content\/uploads\/2024\/11\/internet-marketing-1802610_1280-768x464.webp 768w, https:\/\/www.gueye.louisst.o2switch.site\/blog\/wp-content\/uploads\/2024\/11\/internet-marketing-1802610_1280.webp 1280w\" sizes=\"auto, (max-width: 1024px) 100vw, 1024px\" \/><\/figure>\n\n\n\n<div class=\"wp-block-uagb-inline-notice uagb-inline_notice__align-left uagb-block-24c0e7ea\"><button class=\"uagb-notice-close-button\" type=\"button\" aria-label=\"Close\"><\/button><h4 class=\"uagb-notice-title\">Plus tard je voudrais \u00eatre &#8230;<\/h4><div class=\"uagb-notice-text\">\n<p>Plus tard, je voudrais \u00eatre responsable marketing dans le luxe. Apr\u00e8s mon BTS NDRC, je pense pour le moment poursuivre mes \u00e9tudes avec une licence pro ou un bachelor en marketing. Je veux me sp\u00e9cialiser dans le marketing de luxe, un domaine qui m\u2019attire pour son c\u00f4t\u00e9 prestigieux et cr\u00e9atif.<\/p>\n\n\n\n<p>Le BTS NDRC va pouvoir me permettre d&rsquo;avoir des connaissances en relation client, ce qui va potentiellement me permettre par la suite de conna\u00eetre les attentes des clients, ce qui est important dans le luxe, car les clients sont tr\u00e8s exigeants.<\/p>\n\n\n\n<p>Ce m\u00e9tier consisterait donc \u00e0 cr\u00e9er des campagnes pour promouvoir des produits de luxe et \u00e0 g\u00e9rer l\u2019image des marques des entreprises. M\u00eame si je suis motiv\u00e9, j&rsquo;ai conscience que le march\u00e9 est tr\u00e8s ferm\u00e9 et que les comp\u00e9tences en langues sont primordiales. C\u2019est pourquoi, apr\u00e8s mes \u00e9tudes, je pr\u00e9vois de voyager, notamment dans des pays anglophones, pour am\u00e9liorer mon niveau de langue et ainsi avoir plus de chances de r\u00e9ussir dans ce domaine.<\/p>\n\n\n\n<p>Pour mieux que vous compreniez ce m\u00e9tier, je vais vous illustrer cela \u00e0 l\u2019aide d\u2019une vid\u00e9o et afin de mieux comprendre ma formation je vous invite a cliquer sur un bouton qui vous enverra sur ma page formation \ud83d\ude09.<\/p>\n<\/div><\/div>\n\n\n\n<p><a href=\"https:\/\/www.google.com\/search?sca_esv=85b561e56a3fcf31&amp;sxsrf=ADLYWIL_LW0fs4OIGIAk_Gfaz15nCW6-3A:1731354260407&amp;q=responsable+marketing+de+luxe&amp;tbm=vid&amp;source=lnms&amp;fbs=AEQNm0CbCVgAZ5mWEJDg6aoPVcBgTlosgQSuzBMlnAdio07UCDLCEFD_usRx1ypeyG12vsLgrgE1EkM5B5upM8RCk3yTBIS6bQ3-lxkZgQORxsohbrkt8Qbvu4KgZSH3S4WsvyaexLwE0Fx9RGFklc8Rv-0iHfge8H1srhopkfvAbwQVMsUJ0TaVWj-pPPj3of2lE0pQWeve_O42BdQcFAFlav3qSq1LdFmfIHnSsGpReNtLbpz4BXo&amp;sa=X&amp;ved=2ahUKEwjb46-dhdWJAxXSUaQEHRLKBYYQ0pQJegQIEBAB&amp;biw=1280&amp;bih=551&amp;dpr=1.5#fpstate=ive&amp;vld=cid:c27bcd17,vid:iMIysat7zr0,st:0\">https:\/\/www.google.com\/search?sca_esv=85b561e56a3fcf31&amp;sxsrf=ADLYWIL_LW0fs4OIGIAk_Gfaz15nCW6-3A:1731354260407&amp;q=responsable+marketing+de+luxe&amp;tbm=vid&amp;source=lnms&amp;fbs=AEQNm0CbCVgAZ5mWEJDg6aoPVcBgTlosgQSuzBMlnAdio07UCDLCEFD_usRx1ypeyG12vsLgrgE1EkM5B5upM8RCk3yTBIS6bQ3-lxkZgQORxsohbrkt8Qbvu4KgZSH3S4WsvyaexLwE0Fx9RGFklc8Rv-0iHfge8H1srhopkfvAbwQVMsUJ0TaVWj-pPPj3of2lE0pQWeve_O42BdQcFAFlav3qSq1LdFmfIHnSsGpReNtLbpz4BXo&amp;sa=X&amp;ved=2ahUKEwjb46-dhdWJAxXSUaQEHRLKBYYQ0pQJegQIEBAB&amp;biw=1280&amp;bih=551&amp;dpr=1.5#fpstate=ive&amp;vld=cid:c27bcd17,vid:iMIysat7zr0,st:0<\/a><\/p>\n\n\n\n<div class=\"wp-block-uagb-call-to-action uagb-block-b07bb24e wp-block-button\"><div class=\"uagb-cta__wrap\"><h3 class=\"uagb-cta__title\">Cliquez ici si vous voulez en apprendre plus sur ma formation\ud83d\ude0a<\/h3><\/div><div class=\"uagb-cta__buttons\"><a href=\"\/\/www.gueye.louisst.o2switch.site\/blog\/formations-et-carrieres\/\" class=\"uagb-cta__button-link-wrapper wp-block-button__link\" target=\"_self\" rel=\"noopener noreferrer\">Read More<svg xmlns=\"https:\/\/www.w3.org\/2000\/svg\" viewBox=\"0 0 512 512\"><path d=\"M504.3 273.6l-112.1 104c-6.992 6.484-17.18 8.218-25.94 4.406c-8.758-3.812-14.42-12.45-14.42-21.1L351.9 288H32C14.33 288 .0002 273.7 .0002 255.1S14.33 224 32 224h319.9l0-72c0-9.547 5.66-18.19 14.42-22c8.754-3.809 18.95-2.075 25.94 4.41l112.1 104C514.6 247.9 514.6 264.1 504.3 273.6z\"><\/path><\/svg><\/a><\/div><\/div>\n","protected":false},"excerpt":{"rendered":"<p>https:\/\/www.google.com\/search?sca_esv=85b561e56a3fcf31&amp;sxsrf=ADLYWIL_LW0fs4OIGIAk_Gfaz15nCW6-3A:1731354260407&amp;q=responsable+marketing+de+luxe&amp;tbm=vid&amp;source=lnms&amp;fbs=AEQNm0CbCVgAZ5mWEJDg6aoPVcBgTlosgQSuzBMlnAdio07UCDLCEFD_usRx1ypeyG12vsLgrgE1EkM5B5upM8RCk3yTBIS6bQ3-lxkZgQORxsohbrkt8Qbvu4KgZSH3S4WsvyaexLwE0Fx9RGFklc8Rv-0iHfge8H1srhopkfvAbwQVMsUJ0TaVWj-pPPj3of2lE0pQWeve_O42BdQcFAFlav3qSq1LdFmfIHnSsGpReNtLbpz4BXo&amp;sa=X&amp;ved=2ahUKEwjb46-dhdWJAxXSUaQEHRLKBYYQ0pQJegQIEBAB&amp;biw=1280&amp;bih=551&amp;dpr=1.5#fpstate=ive&amp;vld=cid:c27bcd17,vid:iMIysat7zr0,st:0<\/p>\n","protected":false},"author":1,"featured_media":0,"parent":0,"menu_order":0,"comment_status":"closed","ping_status":"closed","template":"","meta":{"_uag_custom_page_level_css":"","site-sidebar-layout":"default","site-content-layout":"","ast-site-content-layout":"","site-content-style":"default","site-sidebar-style":"default","ast-global-header-display":"","ast-banner-title-visibility":"","ast-main-header-display":"","ast-hfb-above-header-display":"","ast-hfb-below-header-display":"","ast-hfb-mobile-header-display":"","site-post-title":"","ast-breadcrumbs-content":"","ast-featured-img":"","footer-sml-layout":"","theme-transparent-header-meta":"","adv-header-id-meta":"","stick-header-meta":"","header-above-stick-meta":"","header-main-stick-meta":"","header-below-stick-meta":"","astra-migrate-meta-layouts":"default","ast-page-background-enabled":"default","ast-page-background-meta":{"desktop":{"background-color":"var(--ast-global-color-4)","background-image":"","background-repeat":"repeat","background-position":"center center","background-size":"auto","background-attachment":"scroll","background-type":"","background-media":"","overlay-type":"","overlay-color":"","overlay-opacity":"","overlay-gradient":""},"tablet":{"background-color":"","background-image":"","background-repeat":"repeat","background-position":"center center","background-size":"auto","background-attachment":"scroll","background-type":"","background-media":"","overlay-type":"","overlay-color":"","overlay-opacity":"","overlay-gradient":""},"mobile":{"background-color":"","background-image":"","background-repeat":"repeat","background-position":"center center","background-size":"auto","background-attachment":"scroll","background-type":"","background-media":"","overlay-type":"","overlay-color":"","overlay-opacity":"","overlay-gradient":""}},"ast-content-background-meta":{"desktop":{"background-color":"var(--ast-global-color-5)","background-image":"","background-repeat":"repeat","background-position":"center center","background-size":"auto","background-attachment":"scroll","background-type":"","background-media":"","overlay-type":"","overlay-color":"","overlay-opacity":"","overlay-gradient":""},"tablet":{"background-color":"var(--ast-global-color-5)","background-image":"","background-repeat":"repeat","background-position":"center center","background-size":"auto","background-attachment":"scroll","background-type":"","background-media":"","overlay-type":"","overlay-color":"","overlay-opacity":"","overlay-gradient":""},"mobile":{"background-color":"var(--ast-global-color-5)","background-image":"","background-repeat":"repeat","background-position":"center center","background-size":"auto","background-attachment":"scroll","background-type":"","background-media":"","overlay-type":"","overlay-color":"","overlay-opacity":"","overlay-gradient":""}},"footnotes":""},"class_list":["post-16","page","type-page","status-publish","hentry"],"uagb_featured_image_src":{"full":false,"thumbnail":false,"medium":false,"medium_large":false,"large":false,"1536x1536":false,"2048x2048":false},"uagb_author_info":{"display_name":"admin","author_link":"https:\/\/www.gueye.louisst.o2switch.site\/blog\/author\/admin\/"},"uagb_comment_info":0,"uagb_excerpt":"https:\/\/www.google.com\/search?sca_esv=85b561e56a3fcf31&amp;sxsrf=ADLYWIL_LW0fs4OIGIAk_Gfaz15nCW6-3A:1731354260407&amp;q=responsable+marketing+de+luxe&amp;tbm=vid&amp;source=lnms&amp;fbs=AEQNm0CbCVgAZ5mWEJDg6aoPVcBgTlosgQSuzBMlnAdio07UCDLCEFD_usRx1ypeyG12vsLgrgE1EkM5B5upM8RCk3yTBIS6bQ3-lxkZgQORxsohbrkt8Qbvu4KgZSH3S4WsvyaexLwE0Fx9RGFklc8Rv-0iHfge8H1srhopkfvAbwQVMsUJ0TaVWj-pPPj3of2lE0pQWeve_O42BdQcFAFlav3qSq1LdFmfIHnSsGpReNtLbpz4BXo&amp;sa=X&amp;ved=2ahUKEwjb46-dhdWJAxXSUaQEHRLKBYYQ0pQJegQIEBAB&amp;biw=1280&amp;bih=551&amp;dpr=1.5#fpstate=ive&amp;vld=cid:c27bcd17,vid:iMIysat7zr0,st:0","_links":{"self":[{"href":"https:\/\/www.gueye.louisst.o2switch.site\/blog\/wp-json\/wp\/v2\/pages\/16","targetHints":{"allow":["GET"]}}],"collection":[{"href":"https:\/\/www.gueye.louisst.o2switch.site\/blog\/wp-json\/wp\/v2\/pages"}],"about":[{"href":"https:\/\/www.gueye.louisst.o2switch.site\/blog\/wp-json\/wp\/v2\/types\/page"}],"author":[{"embeddable":true,"href":"https:\/\/www.gueye.louisst.o2switch.site\/blog\/wp-json\/wp\/v2\/users\/1"}],"replies":[{"embeddable":true,"href":"https:\/\/www.gueye.louisst.o2switch.site\/blog\/wp-json\/wp\/v2\/comments?post=16"}],"version-history":[{"count":7,"href":"https:\/\/www.gueye.louisst.o2switch.site\/blog\/wp-json\/wp\/v2\/pages\/16\/revisions"}],"predecessor-version":[{"id":211,"href":"https:\/\/www.gueye.louisst.o2switch.site\/blog\/wp-json\/wp\/v2\/pages\/16\/revisions\/211"}],"wp:attachment":[{"href":"https:\/\/www.gueye.louisst.o2switch.site\/blog\/wp-json\/wp\/v2\/media?parent=16"}],"curies":[{"name":"wp","href":"https:\/\/api.w.org\/{rel}","templated":true}]}}