{"id":14,"date":"2024-09-23T09:42:12","date_gmt":"2024-09-23T09:42:12","guid":{"rendered":"https:\/\/www.gueye.louisst.o2switch.site\/blog\/?page_id=14"},"modified":"2024-11-11T18:58:25","modified_gmt":"2024-11-11T18:58:25","slug":"formations-et-carrieres","status":"publish","type":"page","link":"https:\/\/www.gueye.louisst.o2switch.site\/blog\/formations-et-carrieres\/","title":{"rendered":"Formation"},"content":{"rendered":"\n<p><\/p>\n\n\n\n<div class=\"wp-block-uagb-inline-notice uagb-inline_notice__align-left uagb-block-4d02fcab\"><button class=\"uagb-notice-close-button\" type=\"button\" aria-label=\"Close\"><\/button><h4 class=\"uagb-notice-title\">MON CAMPUS !<\/h4><div class=\"uagb-notice-text\">\n<p><strong>Sup Alta, Campus Sacr\u00e9-C\u0153ur des Chartreux<\/strong>, offre une large gamme de formations allant jusqu\u2019au Bac+5 dans divers domaines tels que la comptabilit\u00e9, la gestion, la communication, le digital, les sciences politiques, l\u2019informatique et le commerce. Ce regroupement de trois \u00e9tablissements met en commun son expertise et ses valeurs pour proposer des formations universitaires et techniques de haute qualit\u00e9. Le projet \u00e9ducatif accorde une importance particuli\u00e8re aux dimensions humaine, morale et spirituelle.<\/p>\n\n\n\n<p>Le campus accueille plus de 650 \u00e9tudiants dans des b\u00e2timents historiques soigneusement r\u00e9nov\u00e9s, qui s\u2019ouvrent sur un vaste parc arbor\u00e9, cr\u00e9ant ainsi un environnement de travail et de vie exceptionnel. Les \u00e9tudiants b\u00e9n\u00e9ficient d\u2019un cadre propice \u00e0 l\u2019apprentissage, alliant confort et s\u00e9r\u00e9nit\u00e9<\/p>\n<\/div><\/div>\n\n\n\n<div><iframe src=\"https:\/\/maps.google.com\/maps?q=sup+alta&amp;z=12&amp;t=m&amp;output=embed\" style=\"border:0;height:300px;width:100%\"><\/iframe><\/div>\n\n\n\n<div class=\"wp-block-uagb-inline-notice uagb-inline_notice__align-left uagb-block-e900fd37\"><button class=\"uagb-notice-close-button\" type=\"button\" aria-label=\"Close\"><\/button><h4 class=\"uagb-notice-title\">MA FORMATION !<\/h4><div class=\"uagb-notice-text\">\n<p>Le BTS NDRC n\u00e9gociation digitalisation et relation client<\/p>\n\n\n\n<p>Le BTS N\u00e9gociation et Digitalisation de la Relation Client (NDRC) forme des professionnels capables de g\u00e9rer efficacement la relation client dans un environnement num\u00e9rique.<\/p>\n\n\n\n<p>Cette formation de deux ans combine th\u00e9orie et pratique, permettant aux \u00e9tudiants d&rsquo;acqu\u00e9rir des comp\u00e9tences en vente, communication et marketing digital. Les cours incluent des techniques de n\u00e9gociation, la gestion des donn\u00e9es clients, et l\u2019utilisation d\u2019outils num\u00e9riques pour optimiser l&rsquo;exp\u00e9rience client.<\/p>\n\n\n\n<p>Les dipl\u00f4m\u00e9s peuvent acc\u00e9der \u00e0 divers postes, tels que charg\u00e9 de client\u00e8le, responsable de la relation client ou conseiller commercial. Le BTS NDRC pr\u00e9pare ainsi les \u00e9tudiants \u00e0 r\u00e9pondre aux exigences d\u2019un march\u00e9 en constante \u00e9volution.<\/p>\n<\/div><\/div>\n\n\n\n<div class=\"wp-block-uagb-inline-notice uagb-inline_notice__align-left uagb-block-3a43684f\"><button class=\"uagb-notice-close-button\" type=\"button\" aria-label=\"Close\"><\/button><h4 class=\"uagb-notice-title\">Horaires du bts NDRC en premi\u00e8re et deuxi\u00e8me ann\u00e9e<\/h4><div class=\"uagb-notice-text\">\n<p><\/p>\n<\/div><\/div>\n\n\n\n<figure class=\"wp-block-table\"><table class=\"has-fixed-layout\"><tbody><tr><td>Mati\u00e8re<\/td><td>Nombre d&rsquo;heure premi\u00e8re ann\u00e9e<\/td><td>Nombre d&rsquo;heure deuxi\u00e8me ann\u00e9es<\/td><\/tr><tr><td>Culture juridique \u00e9conomique et management<\/td><td>4h<\/td><td>4h<\/td><\/tr><tr><td>Relation client a distance et digitalisation<\/td><td>5h<\/td><td>5h<\/td><\/tr><tr><td>Culture g\u00e9n\u00e9rale et expression \u00e9crite<\/td><td>2h<\/td><td>2h<\/td><\/tr><tr><td>Anglais<\/td><td>3h<\/td><td>3h<\/td><\/tr><tr><td>Animation r\u00e9seaux<\/td><td>4h<\/td><td>4h<\/td><\/tr><tr><td>Relation client et n\u00e9gociation vente<\/td><td>3h<\/td><td>3h<\/td><\/tr><tr><td>Atelier professionnalisant<\/td><td>4h<\/td><td>4h<\/td><\/tr><tr><td>Culture juridique \u00e9conomique et manag\u00e9riale appliqu\u00e9<\/td><td>2h<\/td><td>2h<\/td><\/tr><\/tbody><\/table><\/figure>\n","protected":false},"excerpt":{"rendered":"<p>Mati\u00e8re Nombre d&rsquo;heure premi\u00e8re ann\u00e9e Nombre d&rsquo;heure deuxi\u00e8me ann\u00e9es Culture juridique \u00e9conomique et management 4h 4h Relation client a distance [&hellip;]<\/p>\n","protected":false},"author":1,"featured_media":0,"parent":0,"menu_order":0,"comment_status":"closed","ping_status":"closed","template":"","meta":{"_uag_custom_page_level_css":"","site-sidebar-layout":"default","site-content-layout":"","ast-site-content-layout":"","site-content-style":"default","site-sidebar-style":"default","ast-global-header-display":"","ast-banner-title-visibility":"","ast-main-header-display":"","ast-hfb-above-header-display":"","ast-hfb-below-header-display":"","ast-hfb-mobile-header-display":"","site-post-title":"","ast-breadcrumbs-content":"","ast-featured-img":"","footer-sml-layout":"","theme-transparent-header-meta":"","adv-header-id-meta":"","stick-header-meta":"","header-above-stick-meta":"","header-main-stick-meta":"","header-below-stick-meta":"","astra-migrate-meta-layouts":"default","ast-page-background-enabled":"default","ast-page-background-meta":{"desktop":{"background-color":"var(--ast-global-color-4)","background-image":"","background-repeat":"repeat","background-position":"center center","background-size":"auto","background-attachment":"scroll","background-type":"","background-media":"","overlay-type":"","overlay-color":"","overlay-opacity":"","overlay-gradient":""},"tablet":{"background-color":"","background-image":"","background-repeat":"repeat","background-position":"center center","background-size":"auto","background-attachment":"scroll","background-type":"","background-media":"","overlay-type":"","overlay-color":"","overlay-opacity":"","overlay-gradient":""},"mobile":{"background-color":"","background-image":"","background-repeat":"repeat","background-position":"center center","background-size":"auto","background-attachment":"scroll","background-type":"","background-media":"","overlay-type":"","overlay-color":"","overlay-opacity":"","overlay-gradient":""}},"ast-content-background-meta":{"desktop":{"background-color":"var(--ast-global-color-5)","background-image":"","background-repeat":"repeat","background-position":"center center","background-size":"auto","background-attachment":"scroll","background-type":"","background-media":"","overlay-type":"","overlay-color":"","overlay-opacity":"","overlay-gradient":""},"tablet":{"background-color":"var(--ast-global-color-5)","background-image":"","background-repeat":"repeat","background-position":"center center","background-size":"auto","background-attachment":"scroll","background-type":"","background-media":"","overlay-type":"","overlay-color":"","overlay-opacity":"","overlay-gradient":""},"mobile":{"background-color":"var(--ast-global-color-5)","background-image":"","background-repeat":"repeat","background-position":"center center","background-size":"auto","background-attachment":"scroll","background-type":"","background-media":"","overlay-type":"","overlay-color":"","overlay-opacity":"","overlay-gradient":""}},"footnotes":""},"class_list":["post-14","page","type-page","status-publish","hentry"],"uagb_featured_image_src":{"full":false,"thumbnail":false,"medium":false,"medium_large":false,"large":false,"1536x1536":false,"2048x2048":false},"uagb_author_info":{"display_name":"admin","author_link":"https:\/\/www.gueye.louisst.o2switch.site\/blog\/author\/admin\/"},"uagb_comment_info":0,"uagb_excerpt":"Mati\u00e8re Nombre d&rsquo;heure premi\u00e8re ann\u00e9e Nombre d&rsquo;heure deuxi\u00e8me ann\u00e9es Culture juridique \u00e9conomique et management 4h 4h Relation client a distance [&hellip;]","_links":{"self":[{"href":"https:\/\/www.gueye.louisst.o2switch.site\/blog\/wp-json\/wp\/v2\/pages\/14","targetHints":{"allow":["GET"]}}],"collection":[{"href":"https:\/\/www.gueye.louisst.o2switch.site\/blog\/wp-json\/wp\/v2\/pages"}],"about":[{"href":"https:\/\/www.gueye.louisst.o2switch.site\/blog\/wp-json\/wp\/v2\/types\/page"}],"author":[{"embeddable":true,"href":"https:\/\/www.gueye.louisst.o2switch.site\/blog\/wp-json\/wp\/v2\/users\/1"}],"replies":[{"embeddable":true,"href":"https:\/\/www.gueye.louisst.o2switch.site\/blog\/wp-json\/wp\/v2\/comments?post=14"}],"version-history":[{"count":9,"href":"https:\/\/www.gueye.louisst.o2switch.site\/blog\/wp-json\/wp\/v2\/pages\/14\/revisions"}],"predecessor-version":[{"id":201,"href":"https:\/\/www.gueye.louisst.o2switch.site\/blog\/wp-json\/wp\/v2\/pages\/14\/revisions\/201"}],"wp:attachment":[{"href":"https:\/\/www.gueye.louisst.o2switch.site\/blog\/wp-json\/wp\/v2\/media?parent=14"}],"curies":[{"name":"wp","href":"https:\/\/api.w.org\/{rel}","templated":true}]}}